{"id":1123,"date":"2019-05-15T12:08:19","date_gmt":"2019-05-15T10:08:19","guid":{"rendered":"https:\/\/konzeptplusdesign.de\/?page_id=1123"},"modified":"2019-05-15T13:01:28","modified_gmt":"2019-05-15T11:01:28","slug":"ueber-uns","status":"publish","type":"page","link":"https:\/\/konzeptplusdesign.de\/index.php\/index\/ueber-uns\/","title":{"rendered":"\u00dcber uns"},"content":{"rendered":"<style>#kt-layout-id_2f9b30-2e > .kt-row-column-wrap{align-content:start;}:where(#kt-layout-id_2f9b30-2e > .kt-row-column-wrap) > .wp-block-kadence-column{justify-content:start;}#kt-layout-id_2f9b30-2e > .kt-row-column-wrap{column-gap:var(--global-kb-gap-md, 2rem);row-gap:var(--global-kb-gap-md, 2rem);padding-top:var( --global-kb-row-default-top, 25px );padding-bottom:var( --global-kb-row-default-bottom, 25px );padding-bottom:0px;padding-left:15px;}#kt-layout-id_2f9b30-2e > .kt-row-column-wrap > div:not(.added-for-specificity){grid-column:initial;}#kt-layout-id_2f9b30-2e > .kt-row-column-wrap{grid-template-columns:repeat(3, minmax(0, 1fr));}#kt-layout-id_2f9b30-2e > .kt-row-layout-overlay{opacity:0.30;}@media all and (max-width: 1024px){#kt-layout-id_2f9b30-2e > .kt-row-column-wrap > div:not(.added-for-specificity){grid-column:initial;}}@media all and (max-width: 1024px){#kt-layout-id_2f9b30-2e > .kt-row-column-wrap{grid-template-columns:repeat(3, minmax(0, 1fr));}}@media all and (max-width: 767px){#kt-layout-id_2f9b30-2e > .kt-row-column-wrap > div:not(.added-for-specificity){grid-column:initial;}#kt-layout-id_2f9b30-2e > .kt-row-column-wrap{grid-template-columns:minmax(0, 1fr);}}<\/style>\n<div class=\"wp-block-kadence-rowlayout alignnone\"><div id=\"kt-layout-id_2f9b30-2e\" class=\"kt-row-layout-inner  kt-layout-id_2f9b30-2e\"><div class=\"kt-row-column-wrap kt-has-3-columns kt-gutter-default kt-v-gutter-default kt-row-valign-top kt-row-layout-equal kt-tab-layout-inherit kt-m-colapse-left-to-right kt-mobile-layout-row\"><style>.kadence-column_849bfe-07 > .kt-inside-inner-col{border-top-width:0px;border-right-width:0px;border-bottom-width:0px;border-left-width:0px;}.kadence-column_849bfe-07 > .kt-inside-inner-col,.kadence-column_849bfe-07 > .kt-inside-inner-col:before{border-top-left-radius:0px;border-top-right-radius:0px;border-bottom-right-radius:0px;border-bottom-left-radius:0px;}.kadence-column_849bfe-07 > .kt-inside-inner-col{column-gap:var(--global-kb-gap-sm, 1rem);}.kadence-column_849bfe-07 > .kt-inside-inner-col{flex-direction:column;}.kadence-column_849bfe-07 > .kt-inside-inner-col > .aligncenter{width:100%;}.kadence-column_849bfe-07 > .kt-inside-inner-col:before{opacity:0.3;}.kadence-column_849bfe-07{position:relative;}@media all and (max-width: 1024px){.kadence-column_849bfe-07 > .kt-inside-inner-col{flex-direction:column;justify-content:center;}}@media all and (max-width: 767px){.kadence-column_849bfe-07 > .kt-inside-inner-col{flex-direction:column;justify-content:center;}}<\/style>\n<div class=\"wp-block-kadence-column inner-column-1 kadence-column_849bfe-07\"><div class=\"kt-inside-inner-col\">\n<p><strong>KonzeptplusDesign ist ein klassisches Grafikdesignstudio \u2013 von der Beratung und Konzeption \u00fcber die Gestaltung und Umsetzung bis hin zur Druckvorbereitung und Abwicklung.<br>Wir sehen die Gestaltung immer im Kontext mit den Inhalten und Zielen, hinterfragen, h\u00f6ren genau zu und entwickeln auf dieser Basis den perfekt passenden Look.<\/strong><\/p>\n<\/div><\/div>\n\n\n<style>.kadence-column_f46ac9-04 > .kt-inside-inner-col{border-top-width:0px;border-right-width:0px;border-bottom-width:0px;border-left-width:0px;}.kadence-column_f46ac9-04 > .kt-inside-inner-col,.kadence-column_f46ac9-04 > .kt-inside-inner-col:before{border-top-left-radius:0px;border-top-right-radius:0px;border-bottom-right-radius:0px;border-bottom-left-radius:0px;}.kadence-column_f46ac9-04 > .kt-inside-inner-col{column-gap:var(--global-kb-gap-sm, 1rem);}.kadence-column_f46ac9-04 > .kt-inside-inner-col{flex-direction:column;}.kadence-column_f46ac9-04 > .kt-inside-inner-col > .aligncenter{width:100%;}.kadence-column_f46ac9-04 > .kt-inside-inner-col:before{opacity:0.3;}.kadence-column_f46ac9-04{position:relative;}@media all and (max-width: 1024px){.kadence-column_f46ac9-04 > .kt-inside-inner-col{flex-direction:column;justify-content:center;}}@media all and (max-width: 767px){.kadence-column_f46ac9-04 > .kt-inside-inner-col{flex-direction:column;justify-content:center;}}<\/style>\n<div class=\"wp-block-kadence-column inner-column-2 kadence-column_f46ac9-04\"><div class=\"kt-inside-inner-col\">\n<h2 class=\"wp-block-heading\">Wir sind stillos.<\/h2>\n\n\n\n<p>Das m\u00fcssen wir sein, denn: Ihre Marke hat eine Seele, einen Charakter, einen Stil. Wir sehen und verstehen das und unterst\u00fctzen die individuelle Markenidentit\u00e4t. So schaffen wir Kreatives mit dem Fokus auf den Charakter Ihres Produktes.<\/p>\n\n\n\n<div style=\"height:20px\" aria-hidden=\"true\" class=\"wp-block-spacer\"><\/div>\n\n\n\n<h2 class=\"wp-block-heading\">Wir sind kritisch.<\/h2>\n\n\n\n<p>Wir denken, beraten und entwerfen nach Ihren W\u00fcnschen und Vorstellungen, aber auch immer mit dem kritischen Auge f\u00fcr die gute Gestaltung und dem Blick auf das gesteckte Ziel. Wir denken mit und geben Feedback, wir sind produktorientiert und nicht selbstverliebt.<\/p>\n\n\n\n<div style=\"height:20px\" aria-hidden=\"true\" class=\"wp-block-spacer\"><\/div>\n\n\n\n<h2 class=\"wp-block-heading\">Wir sind professionell.<\/h2>\n\n\n\n<p>Wir sind ein kleines und pers\u00f6nliches Team mit einem guten Netzwerk und betreuen viele Kunden schon seit dem Start 2004. Eine verl\u00e4ssliche Terminplanung und das Knowhow f\u00fcr eine problemlose Produktion sind selbstverst\u00e4ndlich. Und transparente Preise inklusive Abstimmungsphasen nat\u00fcrlich auch.<\/p>\n<\/div><\/div>\n\n\n<style>.kadence-column_197931-59 > .kt-inside-inner-col{border-top-width:0px;border-right-width:0px;border-bottom-width:0px;border-left-width:0px;}.kadence-column_197931-59 > .kt-inside-inner-col,.kadence-column_197931-59 > .kt-inside-inner-col:before{border-top-left-radius:0px;border-top-right-radius:0px;border-bottom-right-radius:0px;border-bottom-left-radius:0px;}.kadence-column_197931-59 > .kt-inside-inner-col{column-gap:var(--global-kb-gap-sm, 1rem);}.kadence-column_197931-59 > .kt-inside-inner-col{flex-direction:column;}.kadence-column_197931-59 > .kt-inside-inner-col > .aligncenter{width:100%;}.kadence-column_197931-59 > .kt-inside-inner-col:before{opacity:0.3;}.kadence-column_197931-59{position:relative;}@media all and (max-width: 1024px){.kadence-column_197931-59 > .kt-inside-inner-col{flex-direction:column;justify-content:center;}}@media all and (max-width: 767px){.kadence-column_197931-59 > .kt-inside-inner-col{flex-direction:column;justify-content:center;}}<\/style>\n<div class=\"wp-block-kadence-column inner-column-3 kadence-column_197931-59\"><div class=\"kt-inside-inner-col\">\n<h2 class=\"wp-block-heading\">Wir k\u00f6nnen:<\/h2>\n\n\n\n<ul class=\"wp-block-list\"><li>Corporate Design Entwicklung<\/li><li>Unternehmens- und Markenkommunikation \u2013 von der Visitenkarte \u00fcber Brosch\u00fcren, Anzeigen bis hin zu Messeplakaten<\/li><li>Journalgestaltung<\/li><li>Packungsdesign<\/li><li>Interaktive Powerpoint-Pr\u00e4sentation<\/li><li>Interaktive Pdf-Pr\u00e4sentation<\/li><\/ul>\n<\/div><\/div>\n<\/div><\/div><\/div>\n\n\n\n<div style=\"height:40px\" aria-hidden=\"true\" class=\"wp-block-spacer\"><\/div>\n\n\n<style>#kt-layout-id_1df7ec-ce{margin-bottom:15px;}#kt-layout-id_1df7ec-ce > .kt-row-column-wrap{align-content:start;}:where(#kt-layout-id_1df7ec-ce > .kt-row-column-wrap) > .wp-block-kadence-column{justify-content:start;}#kt-layout-id_1df7ec-ce > .kt-row-column-wrap{column-gap:var(--global-kb-gap-md, 2rem);row-gap:var(--global-kb-gap-md, 2rem);padding-top:var( --global-kb-row-default-top, 25px );padding-bottom:var( --global-kb-row-default-bottom, 25px );padding-top:var(--global-kb-spacing-sm, 1.5rem);padding-bottom:var(--global-kb-spacing-sm, 1.5rem);grid-template-columns:minmax(0, 1fr);}#kt-layout-id_1df7ec-ce > .kt-row-layout-overlay{opacity:0.30;}@media all and (max-width: 1024px){#kt-layout-id_1df7ec-ce > .kt-row-column-wrap{grid-template-columns:minmax(0, 1fr);}}@media all and (max-width: 767px){#kt-layout-id_1df7ec-ce > .kt-row-column-wrap{grid-template-columns:minmax(0, 1fr);}}<\/style>\n<div class=\"wp-block-kadence-rowlayout alignnone\"><div id=\"kt-layout-id_1df7ec-ce\" class=\"kt-row-layout-inner  kt-layout-id_1df7ec-ce\"><div class=\"kt-row-column-wrap kt-has-1-columns kt-gutter-default kt-v-gutter-default kt-row-valign-top kt-row-layout-equal kt-tab-layout-inherit kt-m-colapse-left-to-right kt-mobile-layout-row\"><style>.kadence-column_7b3fa5-11 > .kt-inside-inner-col{border-top-width:0px;border-right-width:0px;border-bottom-width:0px;border-left-width:0px;}.kadence-column_7b3fa5-11 > .kt-inside-inner-col,.kadence-column_7b3fa5-11 > .kt-inside-inner-col:before{border-top-left-radius:0px;border-top-right-radius:0px;border-bottom-right-radius:0px;border-bottom-left-radius:0px;}.kadence-column_7b3fa5-11 > .kt-inside-inner-col{column-gap:var(--global-kb-gap-sm, 1rem);}.kadence-column_7b3fa5-11 > .kt-inside-inner-col{flex-direction:column;}.kadence-column_7b3fa5-11 > .kt-inside-inner-col > .aligncenter{width:100%;}.kadence-column_7b3fa5-11 > .kt-inside-inner-col:before{opacity:0.3;}.kadence-column_7b3fa5-11{position:relative;}@media all and (max-width: 1024px){.kadence-column_7b3fa5-11 > .kt-inside-inner-col{flex-direction:column;justify-content:center;}}@media all and (max-width: 767px){.kadence-column_7b3fa5-11 > .kt-inside-inner-col{flex-direction:column;justify-content:center;}}<\/style>\n<div class=\"wp-block-kadence-column inner-column-1 kadence-column_7b3fa5-11\"><div class=\"kt-inside-inner-col\">\n<h2 class=\"wp-block-heading\" id=\"mce_13\">Partner und Kooperationen:<\/h2>\n\n\n\n<p>Beatrix Hock Marketing Service, www.bh-marketing.de<\/p>\n<\/div><\/div>\n<\/div><\/div><\/div>\n\n\n\n<p><\/p>\n","protected":false},"excerpt":{"rendered":"<p>KonzeptplusDesign ist ein klassisches Grafikdesignstudio \u2013 von der Beratung und Konzeption \u00fcber die Gestaltung und Umsetzung bis hin zur Druckvorbereitung und Abwicklung.Wir sehen die Gestaltung immer im Kontext mit den Inhalten und Zielen, hinterfragen, h\u00f6ren genau zu und entwickeln auf dieser Basis den perfekt passenden Look. Wir sind stillos. Das m\u00fcssen wir sein, denn: Ihre [&hellip;]<\/p>\n","protected":false},"author":1,"featured_media":0,"parent":172,"menu_order":0,"comment_status":"closed","ping_status":"closed","template":"","meta":{"footnotes":""},"class_list":["post-1123","page","type-page","status-publish","hentry"],"_links":{"self":[{"href":"https:\/\/konzeptplusdesign.de\/index.php\/wp-json\/wp\/v2\/pages\/1123","targetHints":{"allow":["GET"]}}],"collection":[{"href":"https:\/\/konzeptplusdesign.de\/index.php\/wp-json\/wp\/v2\/pages"}],"about":[{"href":"https:\/\/konzeptplusdesign.de\/index.php\/wp-json\/wp\/v2\/types\/page"}],"author":[{"embeddable":true,"href":"https:\/\/konzeptplusdesign.de\/index.php\/wp-json\/wp\/v2\/users\/1"}],"replies":[{"embeddable":true,"href":"https:\/\/konzeptplusdesign.de\/index.php\/wp-json\/wp\/v2\/comments?post=1123"}],"version-history":[{"count":4,"href":"https:\/\/konzeptplusdesign.de\/index.php\/wp-json\/wp\/v2\/pages\/1123\/revisions"}],"predecessor-version":[{"id":1196,"href":"https:\/\/konzeptplusdesign.de\/index.php\/wp-json\/wp\/v2\/pages\/1123\/revisions\/1196"}],"up":[{"embeddable":true,"href":"https:\/\/konzeptplusdesign.de\/index.php\/wp-json\/wp\/v2\/pages\/172"}],"wp:attachment":[{"href":"https:\/\/konzeptplusdesign.de\/index.php\/wp-json\/wp\/v2\/media?parent=1123"}],"curies":[{"name":"wp","href":"https:\/\/api.w.org\/{rel}","templated":true}]}}